{"id":9,"date":"2008-05-28T09:39:33","date_gmt":"2008-05-28T07:39:33","guid":{"rendered":"http:\/\/dorfgemeinschaft-dachtmissen.de\/wordpress\/?page_id=9"},"modified":"2014-10-09T21:12:15","modified_gmt":"2014-10-09T20:12:15","slug":"wir-uber-uns","status":"publish","type":"page","link":"https:\/\/dorfgemeinschaft-dachtmissen.de\/","title":{"rendered":"\u00fcber uns"},"content":{"rendered":"<p>Der Verein \u201eDorfgemeinschaft Dachtmissen e.V.\u201c gr\u00fcndete sich im Juni 2007 und hat mittlerweile \u00fcber 90 Mitglieder. Anlass der Gr\u00fcndung des Vereins war die Aufl\u00f6sung der Freiwilligen Feuerwehr Dachtmissen, die sich \u00fcber Jahre f\u00fcr ein Gemeinschaftsleben im Ort engagiert hatte.<\/p>\n<p>Zum Laternenumzug, Osterfeuer oder Skat- und Knobelabend kamen die Dachtmissener mit ihren G\u00e4sten zu diesen traditionellen Veranstaltungen zusammen.<\/p>\n<p>Aus diesem zwar traurigen Anlass, aber unter dem Motto \u201eEin Abschied und ein Neuanfang\u201c wurde eine Fortf\u00fchrung der Aktivit\u00e4ten im Dorf beschlossen und der Verein gegr\u00fcndet.<\/p>\n<p>Dabei soll das ehemalige Feuerwehrhaus weiterhin als Treffpunkt f\u00fcr die Dorfbewohner und anderen gemeinn\u00fctzigen Zwecken dienen.<\/p>\n<p>Sehr viel pers\u00f6nliches Engagement, gegenseitige Hilfe und ein kommunikatives Miteinander zeichnen die Vereinsarbeit aus.<\/p>\n","protected":false},"excerpt":{"rendered":"<p>Der Verein \u201eDorfgemeinschaft Dachtmissen e.V.\u201c gr\u00fcndete sich im Juni 2007 und hat mittlerweile \u00fcber 90 Mitglieder. Anlass der Gr\u00fcndung des Vereins war die Aufl\u00f6sung der Freiwilligen Feuerwehr Dachtmissen, die sich \u00fcber Jahre f\u00fcr ein Gemeinschaftsleben im Ort engagiert hatte. Zum &hellip; <a href=\"https:\/\/dorfgemeinschaft-dachtmissen.de\/\">Weiterlesen <span class=\"meta-nav\">&rarr;<\/span><\/a><\/p>\n","protected":false},"author":1,"featured_media":0,"parent":0,"menu_order":2,"comment_status":"closed","ping_status":"closed","template":"","meta":{"footnotes":""},"class_list":["post-9","page","type-page","status-publish","hentry"],"_links":{"self":[{"href":"https:\/\/dorfgemeinschaft-dachtmissen.de\/index.php?rest_route=\/wp\/v2\/pages\/9","targetHints":{"allow":["GET"]}}],"collection":[{"href":"https:\/\/dorfgemeinschaft-dachtmissen.de\/index.php?rest_route=\/wp\/v2\/pages"}],"about":[{"href":"https:\/\/dorfgemeinschaft-dachtmissen.de\/index.php?rest_route=\/wp\/v2\/types\/page"}],"author":[{"embeddable":true,"href":"https:\/\/dorfgemeinschaft-dachtmissen.de\/index.php?rest_route=\/wp\/v2\/users\/1"}],"replies":[{"embeddable":true,"href":"https:\/\/dorfgemeinschaft-dachtmissen.de\/index.php?rest_route=%2Fwp%2Fv2%2Fcomments&post=9"}],"version-history":[{"count":3,"href":"https:\/\/dorfgemeinschaft-dachtmissen.de\/index.php?rest_route=\/wp\/v2\/pages\/9\/revisions"}],"predecessor-version":[{"id":784,"href":"https:\/\/dorfgemeinschaft-dachtmissen.de\/index.php?rest_route=\/wp\/v2\/pages\/9\/revisions\/784"}],"wp:attachment":[{"href":"https:\/\/dorfgemeinschaft-dachtmissen.de\/index.php?rest_route=%2Fwp%2Fv2%2Fmedia&parent=9"}],"curies":[{"name":"wp","href":"https:\/\/api.w.org\/{rel}","templated":true}]}}